{"id":72440,"date":"2020-08-21T11:33:33","date_gmt":"2020-08-21T14:33:33","guid":{"rendered":"https:\/\/app.jfrs.jus.br\/atermacao\/ajuizamento-cidadao-login\/"},"modified":"2025-02-04T16:55:49","modified_gmt":"2025-02-04T19:55:49","slug":"ajuizamento-cidadao-login","status":"publish","type":"page","link":"https:\/\/app.jfrs.jus.br\/atermacao\/ajuizamento-cidadao-login\/","title":{"rendered":"Sistema Digital de Aterma\u00e7\u00e3o"},"content":{"rendered":"<form method=\"post\" action=\"https:\/\/app.jfrs.jus.br\/atermacao\/wp-admin\/admin-post.php\" id=\"ajuizamento_cidadao_login\" name=\"ajuizamento_cidadao_login\">\n    <input type=\"hidden\" name=\"action\" value=\"ajuizamento_envia_pin\"\/>\n    <input type=\"hidden\" id=\"_wpnonce\" name=\"_wpnonce\" value=\"769ef2de7b\" \/><input type=\"hidden\" name=\"_wp_http_referer\" value=\"\/atermacao\/wp-json\/wp\/v2\/pages\/72440\" \/>    <div class=\"row\">\n        <div class=\"form-group col-12 col-sm-6 offset-sm-3\">\n            <span class=\"small\"><strong><i>* Campos obrigat\u00f3rios<\/i><\/strong><\/span>\n        <\/div>\n    <\/div>\n    <div class=\"row\">\n        <div class=\"form-group col-12 col-sm-6 offset-sm-3\">\n            <label for=\"email\">Email*<\/label>\n            <input id=\"email\" name=\"email\" class=\"form-control\" type=\"email\" value=\"\" required=\"required\" autofocus=\"autofocus\" minlength=\"5\" maxlength=\"120\"\/>\n        <\/div>\n        <div class=\"form-group col-12 col-sm-6 offset-sm-3\">\n            <div id=\"captcha\"><\/div>\n        <\/div>\n    <\/div>\n    <div class=\"row\">\n        <div class=\"form-group col-12 col-sm-6 offset-sm-3\">\n                    <\/div>\n    <\/div>\n    <div class=\"row\">\n        <div class=\"form-group col-sm-6 offset-sm-3\">\n            <button type=\"submit\" class=\"btn botao-padrao\">Prosseguir<\/button>\n        <\/div>\n    <\/div>\n    <script>\n        var fields = [];\n        var keys = Object.keys(fields);\n        for (var i = 0; i < keys.length; i++) {\n            var key = keys[i];\n            var content = $(\"[name=\" + key + \"]\").parent();\n            content.addClass('has-error');\n            content.attr('aria-invalid', 'true');\n        }\n    <\/script>\n        <script>\n            var widget;\n            var onloadCallback = function () {\n                \/\/ Renders the HTML element with id 'example1' as a reCAPTCHA widget.\n                \/\/ The id of the reCAPTCHA widget is assigned to 'widgetId1'.\n                widget = grecaptcha.render(\n                        'captcha', {\n                            'sitekey': '6LcARRUTAAAAAJw6ahmqWzy1R9tGRfNRcS4xQVNY'\n                        });\n            }\n        <\/script>\n        <script src=\"https:\/\/www.google.com\/recaptcha\/api.js?onload=onloadCallback&render=explicit&hl=pt-br\"\n        async defer><\/script>\n<\/form>\n\n\n\n<div class=\"row\">\n        <div class=\"form-group col-sm-6 offset-sm-3 font-weight-bold\">\n            <a href=\"https:\/\/www.trf4.jus.br\/trf4\/upload\/jfrs\/2020\/11\/tutorial-aux-emerg.pdf\">Manual de Uso &#8211;  Aux\u00edlio Emergencial<\/a>\n        <\/div>\n        <div class=\"form-group col-sm-6 offset-sm-3 font-weight-bold\">\n            <a href=\"https:\/\/www.trf4.jus.br\/trf4\/upload\/editor\/2025\/rdf14_tutorial-sistema-digital-demais-acoes.pdf\">Manual de Uso &#8211; Demais A\u00e7\u00f5es<\/a>\n        <\/div>\n\n<\/div>\n","protected":false},"excerpt":{"rendered":"<p>Manual de Uso &#8211; Aux\u00edlio Emergencial Manual de Uso &#8211; Demais A\u00e7\u00f5es<\/p>\n","protected":false},"author":182,"featured_media":0,"parent":0,"menu_order":0,"comment_status":"closed","ping_status":"closed","template":"","meta":{"footnotes":""},"class_list":["post-72440","page","type-page","status-publish","hentry"],"_links":{"self":[{"href":"https:\/\/app.jfrs.jus.br\/atermacao\/wp-json\/wp\/v2\/pages\/72440","targetHints":{"allow":["GET"]}}],"collection":[{"href":"https:\/\/app.jfrs.jus.br\/atermacao\/wp-json\/wp\/v2\/pages"}],"about":[{"href":"https:\/\/app.jfrs.jus.br\/atermacao\/wp-json\/wp\/v2\/types\/page"}],"author":[{"embeddable":true,"href":"https:\/\/app.jfrs.jus.br\/atermacao\/wp-json\/wp\/v2\/users\/182"}],"replies":[{"embeddable":true,"href":"https:\/\/app.jfrs.jus.br\/atermacao\/wp-json\/wp\/v2\/comments?post=72440"}],"version-history":[{"count":3,"href":"https:\/\/app.jfrs.jus.br\/atermacao\/wp-json\/wp\/v2\/pages\/72440\/revisions"}],"predecessor-version":[{"id":162514,"href":"https:\/\/app.jfrs.jus.br\/atermacao\/wp-json\/wp\/v2\/pages\/72440\/revisions\/162514"}],"wp:attachment":[{"href":"https:\/\/app.jfrs.jus.br\/atermacao\/wp-json\/wp\/v2\/media?parent=72440"}],"curies":[{"name":"wp","href":"https:\/\/api.w.org\/{rel}","templated":true}]}}